{"id":6660,"date":"2025-08-12T10:01:27","date_gmt":"2025-08-12T08:01:27","guid":{"rendered":"http:\/\/zdstudenti2025.razvija.se\/navodila-preiskovancem-za-preiskavo-obremenitev-z-glukozo-oralni-glukoza-tolerancni-test-ogtt-75g\/"},"modified":"2025-12-15T13:16:02","modified_gmt":"2025-12-15T12:16:02","slug":"instructions-for-patients-for-glucose-challenge-testing-oral-glucose-tolerance-test-ogtt-75g","status":"publish","type":"page","link":"https:\/\/zdstudenti.si\/en\/instructions-for-patients-for-glucose-challenge-testing-oral-glucose-tolerance-test-ogtt-75g\/","title":{"rendered":"Instructions for patients for glucose challenge testing; oral glucose tolerance test (OGTT-75g)"},"content":{"rendered":"\n<ul class=\"wp-block-list\">\n<li>Dan pred odvzemom krvi se je potrebno izogibati ve\u010djim telesnim naporom, priporo\u010deni so obi\u010dajni obroki hrane, ki naj ne bodo premastni.<\/li>\n\n\n\n<li>12 ur pred ovzemom krvi naj preiskovanec ne je, ne pije in ne kadi! Dovoljeno je pitje vode.<\/li>\n\n\n\n<li>Preiskovancu odvzamemo kri na te\u0161\u010de.<\/li>\n\n\n\n<li>Po meritvah glukoze v krvi na te\u0161\u010de, dobi preiskovanec v laboratoriju napitek 75g glukoze raztopljene v 200ml vode.<\/li>\n\n\n\n<li>Po pitju napitka naj preiskovanec ne zapu\u0161\u010da \u010dakalnice, naj sedi in miruje 2 uri. V tem \u010dasu naj ne je, ne pije in ne kadi!<\/li>\n\n\n\n<li>Po dveh urah preiskovancu ponovno odvzamemo kri.<\/li>\n<\/ul>\n","protected":false},"excerpt":{"rendered":"","protected":false},"author":4,"featured_media":0,"parent":0,"menu_order":30,"comment_status":"closed","ping_status":"closed","template":"","meta":{"_acf_changed":false,"footnotes":""},"class_list":["post-6660","page","type-page","status-publish","hentry"],"acf":[],"_links":{"self":[{"href":"https:\/\/zdstudenti.si\/en\/wp-json\/wp\/v2\/pages\/6660","targetHints":{"allow":["GET"]}}],"collection":[{"href":"https:\/\/zdstudenti.si\/en\/wp-json\/wp\/v2\/pages"}],"about":[{"href":"https:\/\/zdstudenti.si\/en\/wp-json\/wp\/v2\/types\/page"}],"author":[{"embeddable":true,"href":"https:\/\/zdstudenti.si\/en\/wp-json\/wp\/v2\/users\/4"}],"replies":[{"embeddable":true,"href":"https:\/\/zdstudenti.si\/en\/wp-json\/wp\/v2\/comments?post=6660"}],"version-history":[{"count":1,"href":"https:\/\/zdstudenti.si\/en\/wp-json\/wp\/v2\/pages\/6660\/revisions"}],"predecessor-version":[{"id":6900,"href":"https:\/\/zdstudenti.si\/en\/wp-json\/wp\/v2\/pages\/6660\/revisions\/6900"}],"wp:attachment":[{"href":"https:\/\/zdstudenti.si\/en\/wp-json\/wp\/v2\/media?parent=6660"}],"curies":[{"name":"wp","href":"https:\/\/api.w.org\/{rel}","templated":true}]}}