{"id":6661,"date":"2025-08-12T10:00:51","date_gmt":"2025-08-12T08:00:51","guid":{"rendered":"http:\/\/zdstudenti2025.razvija.se\/navodila-za-odvzem-vzorca-urina\/"},"modified":"2025-12-15T13:15:42","modified_gmt":"2025-12-15T12:15:42","slug":"instructions-for-urine-sample-collection","status":"publish","type":"page","link":"https:\/\/zdstudenti.si\/en\/instructions-for-urine-sample-collection\/","title":{"rendered":"Instructions for urine sample collection"},"content":{"rendered":"\n<p><strong>OSNOVNA URINSKA ANALIZA:<\/strong><\/p>\n\n\n\n<p>Za osnovno urinsko analizo in sediment uporabljamo srednji curek prilo\u017enostnega vzorca urina, ki ga zberemo v standardno posodico za zbiranje urina.<\/p>\n\n\n\n<p>Navodilo za zbiranje&nbsp;<strong>srednjega curka prilo\u017enostnega urina<\/strong>&nbsp;v laboratoriju:<\/p>\n\n\n\n<ol class=\"wp-block-list\">\n<li>Pripravite standardno posodico za zbiranje urina.<\/li>\n\n\n\n<li>Prvi del curka urina spustite v \u0161koljko.<\/li>\n\n\n\n<li>Brez prekinitve uriniranja drugi del curka (srednji curek) urina prestrezite v posodico \u2013 napolnite jo do 1\/3.<\/li>\n\n\n\n<li>Brez prekinitve uriniranja ostali urin spustite v \u0161koljko.<\/li>\n\n\n\n<li>Urinski lon\u010dek dobro zaprite in ga odlo\u017eite na polico v urinskem laboratoriju.<\/li>\n<\/ol>\n\n\n\n<p><strong>MIKROBIOLO\u0160KE PREISKAVE \u2013 URIKULT, SANFORD:<\/strong><\/p>\n\n\n\n<ol class=\"wp-block-list\">\n<li>Za mikrobiolo\u0161ke preiskave urina potrebujemo prvi jutranji urin, ki mora biti odvzet v sterilno posodico za zbiranje urina.<\/li>\n\n\n\n<li>Pred odvzemom je potrebno poskrbeti za \u010disto\u010do. Temeljito si umijte roke.<\/li>\n<\/ol>\n\n\n\n<p>\u017denske: Raz\u0161irite spolovilo in okolico izvodil obri\u0161ite v smeri od spredaj nazaj 3 \u2013 4 krat s sterilno gazo, namo\u010deno s fiziolo\u0161ko raztopino. Posu\u0161ite s suho sterilno gazo.<\/p>\n\n\n\n<p>Mo\u0161ki: Glavico penisa obri\u0161ite s sterilno gazo, namo\u010deno s fiziolo\u0161ko raztopino. Posu\u0161ite s suho sterilno gazo.<\/p>\n\n\n\n<ol start=\"3\" class=\"wp-block-list\">\n<li>Zberite urin kot pri osnovni urinski analizi.<\/li>\n<\/ol>\n\n\n\n<p><strong>POMEMBNO<\/strong>: \u010ce urin vzor\u010dite doma, morate uporabiti sterilno standardno posodico za zbiranje urina, ki jo lahko dobite v na\u0161em laboratoriju ali kupite v lekarni. Urin mora biti hranjen na sobni temperaturi in dostavljen v laboratorij v 2 urah po odvzemu.&nbsp; V na\u0161em laboratoriju sprejemamo urinske vzorce od ponedeljka do \u010detrtka od 7. do 18.30 ure in v petek od 7. do 10. ure. Z vzorcem urina se javite na sprejemnem mestu laboratorija, da vas zabele\u017eimo v sistem.<\/p>\n","protected":false},"excerpt":{"rendered":"<p>OSNOVNA URINSKA ANALIZA: Za osnovno urinsko analizo in sediment uporabljamo srednji curek prilo\u017enostnega vzorca urina, ki ga zberemo v standardno posodico za zbiranje urina. Navodilo za zbiranje&nbsp;srednjega curka prilo\u017enostnega urina&nbsp;v laboratoriju: MIKROBIOLO\u0160KE PREISKAVE \u2013 URIKULT, SANFORD: \u017denske: Raz\u0161irite spolovilo in okolico izvodil obri\u0161ite v smeri od spredaj nazaj 3 \u2013 4 krat s sterilno gazo, [&hellip;]<\/p>\n","protected":false},"author":4,"featured_media":0,"parent":0,"menu_order":34,"comment_status":"closed","ping_status":"closed","template":"","meta":{"_acf_changed":false,"footnotes":""},"class_list":["post-6661","page","type-page","status-publish","hentry"],"acf":[],"_links":{"self":[{"href":"https:\/\/zdstudenti.si\/en\/wp-json\/wp\/v2\/pages\/6661","targetHints":{"allow":["GET"]}}],"collection":[{"href":"https:\/\/zdstudenti.si\/en\/wp-json\/wp\/v2\/pages"}],"about":[{"href":"https:\/\/zdstudenti.si\/en\/wp-json\/wp\/v2\/types\/page"}],"author":[{"embeddable":true,"href":"https:\/\/zdstudenti.si\/en\/wp-json\/wp\/v2\/users\/4"}],"replies":[{"embeddable":true,"href":"https:\/\/zdstudenti.si\/en\/wp-json\/wp\/v2\/comments?post=6661"}],"version-history":[{"count":1,"href":"https:\/\/zdstudenti.si\/en\/wp-json\/wp\/v2\/pages\/6661\/revisions"}],"predecessor-version":[{"id":6898,"href":"https:\/\/zdstudenti.si\/en\/wp-json\/wp\/v2\/pages\/6661\/revisions\/6898"}],"wp:attachment":[{"href":"https:\/\/zdstudenti.si\/en\/wp-json\/wp\/v2\/media?parent=6661"}],"curies":[{"name":"wp","href":"https:\/\/api.w.org\/{rel}","templated":true}]}}