{"id":6662,"date":"2025-08-12T09:59:42","date_gmt":"2025-08-12T07:59:42","guid":{"rendered":"http:\/\/zdstudenti2025.razvija.se\/navodilo-za-odvzem-vzorca-blata\/"},"modified":"2025-12-15T13:15:50","modified_gmt":"2025-12-15T12:15:50","slug":"instructions-for-stool-sample-collection","status":"publish","type":"page","link":"https:\/\/zdstudenti.si\/en\/instructions-for-stool-sample-collection\/","title":{"rendered":"Instructions for stool sample collection"},"content":{"rendered":"\n<p><strong>PRED ODVZEMOM:<\/strong><\/p>\n\n\n\n<ol class=\"wp-block-list\">\n<li><strong>Standardno posodico za odvzem blata vam izro\u010di laboratorijski tehnik na sprejemnem mestu laboratorija ali ga kupite v lekarni.<\/strong><\/li>\n<\/ol>\n\n\n\n<p><strong>ODVZEM BLATA:<\/strong><strong>&nbsp;&nbsp;&nbsp;&nbsp;&nbsp;&nbsp;&nbsp;&nbsp;&nbsp;&nbsp;&nbsp;&nbsp;&nbsp;&nbsp;&nbsp;&nbsp;&nbsp;&nbsp;&nbsp;&nbsp;&nbsp;&nbsp;&nbsp;<\/strong><\/p>\n\n\n\n<ol class=\"wp-block-list\">\n<li>Za analize je potreben sve\u017e vzorec blata.<\/li>\n\n\n\n<li>Blato iztrebite v \u010disto posodo ali (mnogo la\u017eje izvedljivo) v plasti\u010dno vre\u010dko, ki je name\u0161\u010dena v strani\u0161\u010dno \u0161koljko.<\/li>\n\n\n\n<li>V standardno posodico za odvzem blata z \u017eli\u010dko ( prilo\u017eena standardni posodici) iz razli\u010dnih delov fekalne mase odvzamite za le\u0161nik blata ali 1 \u2013 2 ml teko\u010dega iztrebka.<\/li>\n\n\n\n<li>Vzorcu ne smeta biti prime\u0161ana urin ali voda.<\/li>\n<\/ol>\n\n\n\n<p><strong>PO ODVZEMU:<\/strong><\/p>\n\n\n\n<ol class=\"wp-block-list\">\n<li>Blato dostavite v laboratorij v najkraj\u0161em mo\u017enem \u010dasu.<\/li>\n\n\n\n<li><strong>\u010ce to ni mo\u017eno, posodico z vzorcem blata hranite v hladilniku, pri temperaturi 4 \u2013 8 \u00b0C, najve\u010d 24 ur.<\/strong><\/li>\n\n\n\n<li>V na\u0161em laboratoriju sprejemamo vzorce blata od ponedeljka do \u010detrtka od 7. do 18.30 ure in v petek od 7. do 10. ure. Z vzorcem blata se javite na sprejemnem mestu laboratorija, da vas zabele\u017eimo v sistem.<\/li>\n<\/ol>\n\n\n\n<p><strong>POMEMBNO:<\/strong><\/p>\n\n\n\n<ol class=\"wp-block-list\">\n<li><strong>Preiskava odkrivanja antigena Helicobacter Pylori (HP):<\/strong><\/li>\n<\/ol>\n\n\n\n<p>\u2013 \u010ce imate drisko, testiranje odlo\u017eite.<\/p>\n\n\n\n<ol start=\"2\" class=\"wp-block-list\">\n<li><strong>Preiskava blata na prikrito krvavitev (hematest blata):<\/strong><\/li>\n<\/ol>\n\n\n\n<p>\u2013 Potrebni so 3 vzorci blata treh razli\u010dnih spontanih iztrebljanj. Zagotovite si 3 standrdne posodice za odvzem blata.<\/p>\n\n\n\n<p>\u2013 Nekaj dni pred odvzemom vzorca blata ne smete u\u017eivati odvajal, sredstev proti driski, Aspirina in drugih nestoroidnih protivnetnih zdravil (Naklofen, Ibuprofen, Nalgesin, Naprosyn\u2026) in kortikosteroidov (Medrol\u2026). \u010ce na\u0161teta zdravila redno jemljete, se pred testiranjem posvetujte z zdravnikom.<\/p>\n\n\n\n<p><\/p>\n","protected":false},"excerpt":{"rendered":"<p>PRED ODVZEMOM: ODVZEM BLATA:&nbsp;&nbsp;&nbsp;&nbsp;&nbsp;&nbsp;&nbsp;&nbsp;&nbsp;&nbsp;&nbsp;&nbsp;&nbsp;&nbsp;&nbsp;&nbsp;&nbsp;&nbsp;&nbsp;&nbsp;&nbsp;&nbsp;&nbsp; PO ODVZEMU: POMEMBNO: \u2013 \u010ce imate drisko, testiranje odlo\u017eite. \u2013 Potrebni so 3 vzorci blata treh razli\u010dnih spontanih iztrebljanj. Zagotovite si 3 standrdne posodice za odvzem blata. \u2013 Nekaj dni pred odvzemom vzorca blata ne smete u\u017eivati odvajal, sredstev proti driski, Aspirina in drugih nestoroidnih protivnetnih zdravil (Naklofen, Ibuprofen, Nalgesin, Naprosyn\u2026) [&hellip;]<\/p>\n","protected":false},"author":4,"featured_media":0,"parent":0,"menu_order":36,"comment_status":"closed","ping_status":"closed","template":"","meta":{"_acf_changed":false,"footnotes":""},"class_list":["post-6662","page","type-page","status-publish","hentry"],"acf":[],"_links":{"self":[{"href":"https:\/\/zdstudenti.si\/en\/wp-json\/wp\/v2\/pages\/6662","targetHints":{"allow":["GET"]}}],"collection":[{"href":"https:\/\/zdstudenti.si\/en\/wp-json\/wp\/v2\/pages"}],"about":[{"href":"https:\/\/zdstudenti.si\/en\/wp-json\/wp\/v2\/types\/page"}],"author":[{"embeddable":true,"href":"https:\/\/zdstudenti.si\/en\/wp-json\/wp\/v2\/users\/4"}],"replies":[{"embeddable":true,"href":"https:\/\/zdstudenti.si\/en\/wp-json\/wp\/v2\/comments?post=6662"}],"version-history":[{"count":1,"href":"https:\/\/zdstudenti.si\/en\/wp-json\/wp\/v2\/pages\/6662\/revisions"}],"predecessor-version":[{"id":6899,"href":"https:\/\/zdstudenti.si\/en\/wp-json\/wp\/v2\/pages\/6662\/revisions\/6899"}],"wp:attachment":[{"href":"https:\/\/zdstudenti.si\/en\/wp-json\/wp\/v2\/media?parent=6662"}],"curies":[{"name":"wp","href":"https:\/\/api.w.org\/{rel}","templated":true}]}}