{"id":6709,"date":"2024-07-11T10:59:17","date_gmt":"2024-07-11T08:59:17","guid":{"rendered":"http:\/\/zdstudenti2025.razvija.se\/front-page\/"},"modified":"2025-12-16T10:59:53","modified_gmt":"2025-12-16T09:59:53","slug":"front-page","status":"publish","type":"page","link":"https:\/\/zdstudenti.si\/en\/","title":{"rendered":"Your health, your future. We are here for you."},"content":{"rendered":"<div class=\"gb-container gb-container-ea9a9b73\">\n<div class=\"gb-container gb-container-8dc1a28b\">\n\n<h2 class=\"wp-block-heading\">Clinics and Services<\/h2>\n\n\n\n<p>Overview of clinics and doctors at our health center. Discover a diverse range of healthcare services and professional medical staff.<\/p>\n\n\n\n<p><a href=\"https:\/\/zdstudenti.si\/en\/clinics-and-services\/\" data-type=\"page\" data-id=\"6705\">View all clinics and services<\/a><\/p>\n\n<\/div>\n\n<div class=\"gb-container gb-container-f294d383\">\n<div class=\"gb-grid-wrapper gb-grid-wrapper-e307bccd\">\n<div class=\"gb-grid-column gb-grid-column-4d1d18c8\"><div class=\"gb-container gb-container-4d1d18c8\">\n\n<figure class=\"wp-block-image size-full\"><img decoding=\"async\" data-title=\"splosna-druzinska-medicina\" data-caption=\"\" data-description=\"\" src=\"https:\/\/zdstudenti.si\/wp-content\/uploads\/2025\/06\/splosna-druzinska-medicina.svg\" alt=\"\" class=\"wp-image-127\"\/><\/figure>\n\n\n\n<h3 class=\"wp-block-heading\">General practitioner and family medicine<\/h3>\n\n\n\n<p class=\"mt-auto\"><a href=\"https:\/\/zdstudenti.si\/en\/clinics-and-services\/#general\" data-type=\"page\" data-id=\"6705\">View clinics<\/a><\/p>\n\n<\/div><\/div>\n\n<div class=\"gb-grid-column gb-grid-column-608f2a85\"><div class=\"gb-container gb-container-608f2a85\">\n\n<figure class=\"wp-block-image size-full\"><img decoding=\"async\" data-title=\"zobozdravstvo-in-ustna-higiena\" data-caption=\"\" data-description=\"\" src=\"https:\/\/zdstudenti.si\/wp-content\/uploads\/2025\/06\/zobozdravstvo-in-ustna-higiena.svg\" alt=\"\" class=\"wp-image-138\"\/><\/figure>\n\n\n\n<h3 class=\"wp-block-heading\">Dentistry and Oral Hygiene<\/h3>\n\n\n\n<p class=\"mt-auto\"><a href=\"https:\/\/zdstudenti.si\/en\/clinics-and-services\/#dentistry\" data-type=\"page\" data-id=\"78\">View clinics<\/a><\/p>\n\n<\/div><\/div>\n\n<div class=\"gb-grid-column gb-grid-column-f573d3a1\"><div class=\"gb-container gb-container-f573d3a1\">\n\n<figure class=\"wp-block-image size-full\"><img decoding=\"async\" data-title=\"ginekologija-in-porodnistvo\" data-caption=\"\" data-description=\"\" src=\"https:\/\/zdstudenti.si\/wp-content\/uploads\/2025\/06\/ginekologija-in-porodnistvo.svg\" alt=\"\" class=\"wp-image-136\"\/><\/figure>\n\n\n\n<h3 class=\"wp-block-heading\">Gynecology and Obstetrics<\/h3>\n\n\n\n<p class=\"mt-auto\"><a href=\"https:\/\/zdstudenti.si\/en\/clinics-and-services\/#gynecology\" data-type=\"page\" data-id=\"78\">View clinics<\/a><\/p>\n\n<\/div><\/div>\n\n<div class=\"gb-grid-column gb-grid-column-e4d5e015\"><div class=\"gb-container gb-container-e4d5e015\">\n\n<figure class=\"wp-block-image size-full\"><img decoding=\"async\" data-title=\"diagnosticni-laboratorij\" data-caption=\"\" data-description=\"\" src=\"https:\/\/zdstudenti.si\/wp-content\/uploads\/2025\/06\/diagnosticni-laboratorij.svg\" alt=\"\" class=\"wp-image-139\"\/><\/figure>\n\n\n\n<h3 class=\"wp-block-heading\">Diagnostic Laboratory<\/h3>\n\n\n\n<p class=\"mt-auto\"><a href=\"https:\/\/zdstudenti.si\/en\/clinics-and-services\/#diagnostic-laboratory\" data-type=\"page\" data-id=\"78\">View service<\/a><\/p>\n\n<\/div><\/div>\n\n<div class=\"gb-grid-column gb-grid-column-24c069e0\"><div class=\"gb-container gb-container-24c069e0\">\n\n<figure class=\"wp-block-image size-full\"><img decoding=\"async\" data-title=\"psihiatrija-in-klinicna-psiholodija\" data-caption=\"\" data-description=\"\" src=\"https:\/\/zdstudenti.si\/wp-content\/uploads\/2025\/06\/psihiatrija-in-klinicna-psiholodija.svg\" alt=\"\" class=\"wp-image-137\"\/><\/figure>\n\n\n\n<h3 class=\"wp-block-heading\">Psychiatry and Clinical Psychology<\/h3>\n\n\n\n<p class=\"mt-auto\"><a href=\"https:\/\/zdstudenti.si\/en\/clinics-and-services\/#psychiatry\" data-type=\"page\" data-id=\"78\">View clinics<\/a><\/p>\n\n<\/div><\/div>\n<\/div>\n<\/div>\n<\/div>\n\n<div class=\"gb-container gb-container-7f0c6eb3 d-none bg-fw-alpha\">\n<div class=\"gb-container gb-container-7de9d4ad\">\n\n<h2 class=\"wp-block-heading\">Latest News and Announcements<\/h2>\n\n\n\n<p class=\"font-secondary\"><a href=\"https:\/\/zdstudenti.si\/en\/aktualno\/news-archive\/\" data-type=\"page\" data-id=\"6677\">View all<\/a><\/p>\n\n<\/div>\n\n<div class=\"layout-grid-3\"><\/div>\n\n<\/div>\n\n<div class=\"gb-container gb-container-53221b33\">\n<div class=\"gb-container gb-container-89d9cf24\">\n\n<i class=\"fa-regular fa-globe-stand display-3 text-primary\"><\/i>\n\n\n\n<h2 class=\"wp-block-heading\">International Students<\/h2>\n\n\n\n<p>All students in Slovenia have access to the public healthcare system. Emergency medical care, general medical examinations, prescription medications, and specialist services may be free of charge or partially paid, depending on the type of health insurance and the urgency of treatment.<\/p>\n\n\n\n<p class=\"mb-0 mt-auto\"><a href=\"https:\/\/zdstudenti.si\/en\/patient-support\/international-students\/\" data-type=\"page\" data-id=\"6674\">Read more<\/a><\/p>\n\n<\/div>\n<\/div>\n\n<div class=\"gb-container gb-container-bdf087eb\">\n<div class=\"gb-container gb-container-58fac6dd generic-pattern\">\n<div class=\"gb-container gb-container-303ca477 gp-content-wrapper\">\n\n<h2 class=\"wp-block-heading h3\">Preventive Medical Check-ups<\/h2>\n\n\n\n<p>The examination includes an assessment of health status, advice on a healthy lifestyle, and, if necessary, referral for additional tests.<\/p>\n\n\n\n<p class=\"mt-auto\"><a href=\"https:\/\/zdstudenti.si\/en\/preventive-check-ups\/\" data-type=\"page\" data-id=\"6702\">Read more<\/a><\/p>\n\n<\/div>\n\n<div class=\"gb-container gb-container-417eae4b gp-image-wrapper\">\n\n<figure class=\"wp-block-image size-full fit-container\"><img loading=\"lazy\" decoding=\"async\" width=\"800\" height=\"641\" data-title=\"preventivni-zdravstveni-pregledi_\" data-caption=\"\" data-description=\"\" src=\"https:\/\/zdstudenti.si\/wp-content\/uploads\/2025\/06\/preventivni-zdravstveni-pregledi_.jpg\" alt=\"\" class=\"wp-image-2082\" srcset=\"https:\/\/zdstudenti.si\/wp-content\/uploads\/2025\/06\/preventivni-zdravstveni-pregledi_.jpg 800w, https:\/\/zdstudenti.si\/wp-content\/uploads\/2025\/06\/preventivni-zdravstveni-pregledi_-300x240.jpg 300w, https:\/\/zdstudenti.si\/wp-content\/uploads\/2025\/06\/preventivni-zdravstveni-pregledi_-768x615.jpg 768w\" sizes=\"auto, (max-width: 800px) 100vw, 800px\" \/><\/figure>\n\n<\/div>\n<\/div>\n\n<div class=\"gb-container gb-container-e09926e0 generic-pattern\">\n<div class=\"gb-container gb-container-91ed46cc gp-content-wrapper\">\n\n<h2 class=\"wp-block-heading h3\">Vaccinations<\/h2>\n\n\n\n<p>At the health center, we provide vaccinations for all age and interest groups, not just for students.<\/p>\n\n\n\n<p class=\"mt-auto\"><a href=\"https:\/\/zdstudenti.si\/en\/vaccinations\/\" data-type=\"page\" data-id=\"80\">Read more<\/a><\/p>\n\n<\/div>\n\n<div class=\"gb-container gb-container-d75fd9c9 gp-image-wrapper\">\n\n<figure class=\"wp-block-image size-full fit-container\"><img loading=\"lazy\" decoding=\"async\" width=\"600\" height=\"400\" data-title=\"Cepljenja-pomanjsana\" data-caption=\"\" data-description=\"\" src=\"https:\/\/zdstudenti.si\/wp-content\/uploads\/2025\/06\/Cepljenja-pomanjsana.jpg\" alt=\"\" class=\"wp-image-2154\" srcset=\"https:\/\/zdstudenti.si\/wp-content\/uploads\/2025\/06\/Cepljenja-pomanjsana.jpg 600w, https:\/\/zdstudenti.si\/wp-content\/uploads\/2025\/06\/Cepljenja-pomanjsana-300x200.jpg 300w\" sizes=\"auto, (max-width: 600px) 100vw, 600px\" \/><\/figure>\n\n<\/div>\n<\/div>\n<\/div>\n\n<div class=\"gb-container gb-container-dae75b51 d-none\">\n\r\n                        <h2 class=\"text-center\">Ali tvoje zdravje opravi vse izpite?<\/h2>\r\n                            <p class=\"text-center rw-60 mx-auto mb-0\">Bolje prepre\u010diti kot zdraviti! S preventivo in zgodnjim odkrivanjem simptomov lahko sami prepre\u010dimo marsikatero bolezen kot si tudi kdaj prihranimo nepotreben obisk zdravnika.<\/p>\r\n                \r\n        <div class=\"layout-grid-3 gap-3 gap-md-4 my-4 my-md-6\">\r\n                            \r\n                <div class=\"health-check-item m-rm bg-primary-subtle rounded-4 d-flex flex-column\">\r\n                                            <div class=\"image-wrapper rounded-4\" style=\"height: 250px;\">\r\n                            <img decoding=\"async\" class=\"fit-container\" src=\"https:\/\/zdstudenti.si\/wp-content\/uploads\/2025\/07\/pexels-thirdman-7659564-768x512.jpg\" alt=\"\">\r\n                        <\/div>\r\n                    \r\n                    <div class=\"content-wrapper p-3 p-md-4 d-flex flex-column gap-2 gap-md-3 flex-grow-1\">\r\n                        <h3>Kaj moram vedeti pred obiskom zdravnika?<\/h3>\r\n\r\n                                                    <ul class=\"style-arrow arrow-small\">\r\n                                                                    <li>\r\n                                        <a class=\"fs-6 fw-medium font-primary text-body\" href=\"https:\/\/zdstudenti.si\/podpora-pacientom\/ali-tvoje-zdravje-opravi-vse-izpite\/ali-je-tudi-tebi-panika-odpreti-usta-pri-zobozdravniku\/\">\r\n                                            Ali je tudi tebi panika odpreti usta pri zobozdravniku?                                        <\/a>\r\n                                    <\/li>\r\n                                                                    <li>\r\n                                        <a class=\"fs-6 fw-medium font-primary text-body\" href=\"https:\/\/zdstudenti.si\/podpora-pacientom\/ali-tvoje-zdravje-opravi-vse-izpite\/ali-poznas-evropsko-kartico-zdravstvenega-zavarovanja\/\">\r\n                                            Ali pozna\u0161 Evropsko kartico zdravstvenega zavarovanja?                                        <\/a>\r\n                                    <\/li>\r\n                                                                    <li>\r\n                                        <a class=\"fs-6 fw-medium font-primary text-body\" href=\"https:\/\/zdstudenti.si\/podpora-pacientom\/ali-tvoje-zdravje-opravi-vse-izpite\/ali-ves-kaj-ti-pripada-z-zdravstveno-kartico\/\">\r\n                                            Ali ve\u0161, kaj ti pripada z zdravstveno kartico?                                        <\/a>\r\n                                    <\/li>\r\n                                                                    <li>\r\n                                        <a class=\"fs-6 fw-medium font-primary text-body\" href=\"https:\/\/zdstudenti.si\/podpora-pacientom\/ali-tvoje-zdravje-opravi-vse-izpite\/kaj-si-zelis-vprasati-nasega-ginekologa\/\">\r\n                                            Kaj si \u017eeli\u0161 vpra\u0161ati na\u0161ega ginekologa?                                        <\/a>\r\n                                    <\/li>\r\n                                                            <\/ul>\r\n                        \r\n                         \r\n                                                    <a href=\"https:\/\/zdstudenti.si\/en\/?page_id=6694#kaj-moram-vedeti-pred-obiskom-zdravnika\" class=\"mt-auto\">\r\n                                View other recommendations                            <\/a>\r\n                                            <\/div>\r\n\r\n                <\/div>\r\n                            \r\n                <div class=\"health-check-item m-rm bg-primary-subtle rounded-4 d-flex flex-column\">\r\n                                            <div class=\"image-wrapper rounded-4\" style=\"height: 250px;\">\r\n                            <img decoding=\"async\" class=\"fit-container\" src=\"https:\/\/zdstudenti.si\/wp-content\/uploads\/2025\/07\/pexels-karolina-grabowska-4386466-768x512.jpg\" alt=\"\">\r\n                        <\/div>\r\n                    \r\n                    <div class=\"content-wrapper p-3 p-md-4 d-flex flex-column gap-2 gap-md-3 flex-grow-1\">\r\n                        <h3>Preventiva je bolj\u0161a kot kurativa<\/h3>\r\n\r\n                                                    <ul class=\"style-arrow arrow-small\">\r\n                                                                    <li>\r\n                                        <a class=\"fs-6 fw-medium font-primary text-body\" href=\"https:\/\/zdstudenti.si\/podpora-pacientom\/ali-tvoje-zdravje-opravi-vse-izpite\/tisti-dnevi-v-mesecu-ko-je-bolecina-lahko-neznosna\/\">\r\n                                            Tisti dnevi v mesecu, ko je bole\u010dina lahko neznosna.                                        <\/a>\r\n                                    <\/li>\r\n                                                                    <li>\r\n                                        <a class=\"fs-6 fw-medium font-primary text-body\" href=\"https:\/\/zdstudenti.si\/podpora-pacientom\/ali-tvoje-zdravje-opravi-vse-izpite\/ko-zacnejo-izpadati-zdravi-zobje\/\">\r\n                                            Ko za\u010dnejo izpadati zdravi zobje.                                        <\/a>\r\n                                    <\/li>\r\n                                                                    <li>\r\n                                        <a class=\"fs-6 fw-medium font-primary text-body\" href=\"https:\/\/zdstudenti.si\/podpora-pacientom\/ali-tvoje-zdravje-opravi-vse-izpite\/ali-ves-da-je-klop-najnevarnejsa-zival-nasih-gozdov\/\">\r\n                                            Ali ve\u0161, da je klop najnevarnej\u0161a \u017eival na\u0161ih gozdov?                                        <\/a>\r\n                                    <\/li>\r\n                                                                    <li>\r\n                                        <a class=\"fs-6 fw-medium font-primary text-body\" href=\"https:\/\/zdstudenti.si\/podpora-pacientom\/ali-tvoje-zdravje-opravi-vse-izpite\/ali-si-redno-pregledujes-testise\/\">\r\n                                            Ali si redno pregleduje\u0161 testise?                                        <\/a>\r\n                                    <\/li>\r\n                                                            <\/ul>\r\n                        \r\n                         \r\n                                                    <a href=\"https:\/\/zdstudenti.si\/en\/?page_id=6694#preventiva-je-boljsa-kot-kurativa\" class=\"mt-auto\">\r\n                                View other recommendations                            <\/a>\r\n                                            <\/div>\r\n\r\n                <\/div>\r\n                            \r\n                <div class=\"health-check-item m-rm bg-primary-subtle rounded-4 d-flex flex-column\">\r\n                                            <div class=\"image-wrapper rounded-4\" style=\"height: 250px;\">\r\n                            <img decoding=\"async\" class=\"fit-container\" src=\"https:\/\/zdstudenti.si\/wp-content\/uploads\/2025\/10\/v-spolnost-po-pameti-768x512.jpg\" alt=\"\">\r\n                        <\/div>\r\n                    \r\n                    <div class=\"content-wrapper p-3 p-md-4 d-flex flex-column gap-2 gap-md-3 flex-grow-1\">\r\n                        <h3>V spolnost po pameti<\/h3>\r\n\r\n                                                    <ul class=\"style-arrow arrow-small\">\r\n                                                                    <li>\r\n                                        <a class=\"fs-6 fw-medium font-primary text-body\" href=\"https:\/\/zdstudenti.si\/podpora-pacientom\/ali-tvoje-zdravje-opravi-vse-izpite\/ali-ves-kako-vse-se-lahko-zascitis-med-spolnim-odnosom\/\">\r\n                                            Ali ve\u0161, kako vse se lahko za\u0161\u010diti\u0161 med spolnim odnosom?                                        <\/a>\r\n                                    <\/li>\r\n                                                                    <li>\r\n                                        <a class=\"fs-6 fw-medium font-primary text-body\" href=\"https:\/\/zdstudenti.si\/podpora-pacientom\/ali-tvoje-zdravje-opravi-vse-izpite\/ali-poznas-svoj-status-glede-spolno-prenosljivih-okuzb\/\">\r\n                                            Ali pozna\u0161 svoj status glede spolno prenosljivih oku\u017eb?                                        <\/a>\r\n                                    <\/li>\r\n                                                                    <li>\r\n                                        <a class=\"fs-6 fw-medium font-primary text-body\" href=\"https:\/\/zdstudenti.si\/podpora-pacientom\/ali-tvoje-zdravje-opravi-vse-izpite\/pamet-v-roke-kondom-na-glavo\/\">\r\n                                            Pamet v roke, kondom na glavo!                                        <\/a>\r\n                                    <\/li>\r\n                                                                    <li>\r\n                                        <a class=\"fs-6 fw-medium font-primary text-body\" href=\"https:\/\/zdstudenti.si\/podpora-pacientom\/ali-tvoje-zdravje-opravi-vse-izpite\/ali-te-skrbi-da-imas-spolno-prenosljivo-okuzbo\/\">\r\n                                            Ali te skrbi, da ima\u0161 spolno prenosljivo oku\u017ebo?                                        <\/a>\r\n                                    <\/li>\r\n                                                            <\/ul>\r\n                        \r\n                         \r\n                                                    <a href=\"https:\/\/zdstudenti.si\/en\/?page_id=6694#v-spolnost-po-pameti\" class=\"mt-auto\">\r\n                                View other recommendations                            <\/a>\r\n                                            <\/div>\r\n\r\n                <\/div>\r\n                            \r\n                <div class=\"health-check-item m-rm bg-primary-subtle rounded-4 d-flex flex-column\">\r\n                                            <div class=\"image-wrapper rounded-4\" style=\"height: 250px;\">\r\n                            <img decoding=\"async\" class=\"fit-container\" src=\"https:\/\/zdstudenti.si\/wp-content\/uploads\/2025\/07\/pexels-elly-fairytale-3822864-768x512.jpg\" alt=\"\">\r\n                        <\/div>\r\n                    \r\n                    <div class=\"content-wrapper p-3 p-md-4 d-flex flex-column gap-2 gap-md-3 flex-grow-1\">\r\n                        <h3>Za svoje du\u0161evno zdravje je treba skrbeti<\/h3>\r\n\r\n                                                    <ul class=\"style-arrow arrow-small\">\r\n                                                                    <li>\r\n                                        <a class=\"fs-6 fw-medium font-primary text-body\" href=\"https:\/\/zdstudenti.si\/podpora-pacientom\/ali-tvoje-zdravje-opravi-vse-izpite\/ali-prepoznas-nasilje-in-ves-kako-odreagirati\/\">\r\n                                            Ali prepozna\u0161 nasilje in ve\u0161, kako odreagirati?                                        <\/a>\r\n                                    <\/li>\r\n                                                                    <li>\r\n                                        <a class=\"fs-6 fw-medium font-primary text-body\" href=\"https:\/\/zdstudenti.si\/podpora-pacientom\/ali-tvoje-zdravje-opravi-vse-izpite\/ali-se-ti-zdi-da-so-tvoje-psihicne-tezave-tako-velike-da-bi-potreboval-a-pomoc-preveri\/\">\r\n                                            Ali se ti zdi, da so tvoje psihi\u010dne te\u017eave tako velike, da bi potreboval\/a pomo\u010d? Preveri!                                        <\/a>\r\n                                    <\/li>\r\n                                                                    <li>\r\n                                        <a class=\"fs-6 fw-medium font-primary text-body\" href=\"https:\/\/zdstudenti.si\/podpora-pacientom\/ali-tvoje-zdravje-opravi-vse-izpite\/ali-se-zavedas-nevarnosti-spleta\/\">\r\n                                            Ali se zaveda\u0161 nevarnosti spleta?                                        <\/a>\r\n                                    <\/li>\r\n                                                                    <li>\r\n                                        <a class=\"fs-6 fw-medium font-primary text-body\" href=\"https:\/\/zdstudenti.si\/podpora-pacientom\/ali-tvoje-zdravje-opravi-vse-izpite\/kaj-te-stresa\/\">\r\n                                            Kaj te stresa?                                        <\/a>\r\n                                    <\/li>\r\n                                                            <\/ul>\r\n                        \r\n                         \r\n                                                    <a href=\"https:\/\/zdstudenti.si\/en\/?page_id=6694#za-svoje-dusevno-zdravje-je-treba-skrbeti\" class=\"mt-auto\">\r\n                                View other recommendations                            <\/a>\r\n                                            <\/div>\r\n\r\n                <\/div>\r\n                            \r\n                <div class=\"health-check-item m-rm bg-primary-subtle rounded-4 d-flex flex-column\">\r\n                                            <div class=\"image-wrapper rounded-4\" style=\"height: 250px;\">\r\n                            <img decoding=\"async\" class=\"fit-container\" src=\"https:\/\/zdstudenti.si\/wp-content\/uploads\/2025\/07\/pexels-janetrangdoan-793759-768x512.jpg\" alt=\"\">\r\n                        <\/div>\r\n                    \r\n                    <div class=\"content-wrapper p-3 p-md-4 d-flex flex-column gap-2 gap-md-3 flex-grow-1\">\r\n                        <h3>\u017divim zdrav \u017eivljenjski slog<\/h3>\r\n\r\n                                                    <ul class=\"style-arrow arrow-small\">\r\n                                                                    <li>\r\n                                        <a class=\"fs-6 fw-medium font-primary text-body\" href=\"https:\/\/zdstudenti.si\/podpora-pacientom\/ali-tvoje-zdravje-opravi-vse-izpite\/bodi-faca-casti-pol-litra\/\">\r\n                                            Bodi faca, \u010dasti pol litra!                                        <\/a>\r\n                                    <\/li>\r\n                                                                    <li>\r\n                                        <a class=\"fs-6 fw-medium font-primary text-body\" href=\"https:\/\/zdstudenti.si\/podpora-pacientom\/ali-tvoje-zdravje-opravi-vse-izpite\/kako-ostati-fit\/\">\r\n                                            Kako ostati fit?                                        <\/a>\r\n                                    <\/li>\r\n                                                                    <li>\r\n                                        <a class=\"fs-6 fw-medium font-primary text-body\" href=\"https:\/\/zdstudenti.si\/podpora-pacientom\/ali-tvoje-zdravje-opravi-vse-izpite\/ali-si-dovolj-telesno-aktiven-na\/\">\r\n                                            Ali si dovolj telesno aktiven\/na?                                        <\/a>\r\n                                    <\/li>\r\n                                                                    <li>\r\n                                        <a class=\"fs-6 fw-medium font-primary text-body\" href=\"https:\/\/zdstudenti.si\/podpora-pacientom\/ali-tvoje-zdravje-opravi-vse-izpite\/kako-sedeti-pred-racunalnikom-da-bo-cim-manj-bolecin\/\">\r\n                                            Kako sedeti pred ra\u010dunalnikom, da bo \u010dim manj bole\u010din?                                        <\/a>\r\n                                    <\/li>\r\n                                                            <\/ul>\r\n                        \r\n                         \r\n                                                    <a href=\"https:\/\/zdstudenti.si\/en\/?page_id=6694#zivim-zdrav-zivljenjski-slog\" class=\"mt-auto\">\r\n                                View other recommendations                            <\/a>\r\n                                            <\/div>\r\n\r\n                <\/div>\r\n                    <\/div>\r\n    \r\n    \n\n<\/div>\n\n<div class=\"gb-container gb-container-87ef0741\">\n\n<figure class=\"gb-block-image gb-block-image-e11db292\"><img loading=\"lazy\" decoding=\"async\" width=\"1920\" height=\"588\" class=\"gb-image gb-image-e11db292\" src=\"https:\/\/zdstudenti.si\/wp-content\/uploads\/2025\/10\/8f321b7b41ca74b5ea37fe19cdb99b4f487990d8-scaled.jpg\" alt=\"\" title=\"8f321b7b41ca74b5ea37fe19cdb99b4f487990d8\" srcset=\"https:\/\/zdstudenti.si\/wp-content\/uploads\/2025\/10\/8f321b7b41ca74b5ea37fe19cdb99b4f487990d8-scaled.jpg 1920w, https:\/\/zdstudenti.si\/wp-content\/uploads\/2025\/10\/8f321b7b41ca74b5ea37fe19cdb99b4f487990d8-300x92.jpg 300w, https:\/\/zdstudenti.si\/wp-content\/uploads\/2025\/10\/8f321b7b41ca74b5ea37fe19cdb99b4f487990d8-768x235.jpg 768w\" sizes=\"auto, (max-width: 1920px) 100vw, 1920px\" \/><\/figure>\n\n<\/div>","protected":false},"excerpt":{"rendered":"<p>Student Health Center of the University of Ljubljana \u2013 comprehensive healthcare for young people during their studies.<\/p>\n","protected":false},"author":1,"featured_media":6711,"parent":0,"menu_order":3,"comment_status":"closed","ping_status":"closed","template":"front-page.php","meta":{"_acf_changed":false,"footnotes":""},"class_list":["post-6709","page","type-page","status-publish","has-post-thumbnail","hentry"],"acf":[],"_links":{"self":[{"href":"https:\/\/zdstudenti.si\/en\/wp-json\/wp\/v2\/pages\/6709","targetHints":{"allow":["GET"]}}],"collection":[{"href":"https:\/\/zdstudenti.si\/en\/wp-json\/wp\/v2\/pages"}],"about":[{"href":"https:\/\/zdstudenti.si\/en\/wp-json\/wp\/v2\/types\/page"}],"author":[{"embeddable":true,"href":"https:\/\/zdstudenti.si\/en\/wp-json\/wp\/v2\/users\/1"}],"replies":[{"embeddable":true,"href":"https:\/\/zdstudenti.si\/en\/wp-json\/wp\/v2\/comments?post=6709"}],"version-history":[{"count":12,"href":"https:\/\/zdstudenti.si\/en\/wp-json\/wp\/v2\/pages\/6709\/revisions"}],"predecessor-version":[{"id":7012,"href":"https:\/\/zdstudenti.si\/en\/wp-json\/wp\/v2\/pages\/6709\/revisions\/7012"}],"wp:featuredmedia":[{"embeddable":true,"href":"https:\/\/zdstudenti.si\/en\/wp-json\/wp\/v2\/media\/6711"}],"wp:attachment":[{"href":"https:\/\/zdstudenti.si\/en\/wp-json\/wp\/v2\/media?parent=6709"}],"curies":[{"name":"wp","href":"https:\/\/api.w.org\/{rel}","templated":true}]}}