{"id":6712,"date":"2024-07-11T08:49:54","date_gmt":"2024-07-11T06:49:54","guid":{"rendered":"http:\/\/zdstudenti2025.razvija.se\/politika-zasebnosti-in-varovanja-osebnih-podatkov\/"},"modified":"2025-12-17T12:56:37","modified_gmt":"2025-12-17T11:56:37","slug":"privacy-and-personal-data-protection-policy","status":"publish","type":"page","link":"https:\/\/zdstudenti.si\/en\/privacy-and-personal-data-protection-policy\/","title":{"rendered":"Privacy and Personal Data Protection Policy"},"content":{"rendered":"\n<p>At the Student Health Center of the University of Ljubljana, we are committed to protecting your personal data, ensuring that it is used responsibly to provide appropriate services and information to our visitors. This policy explains how your data is collected, stored, processed, and your rights regarding your personal data, in accordance with EU GDPR (Regulation (EU) 2016\/679). Please read this carefully before giving consent for the collection or processing of your personal data.<\/p>\n\n\n\n<h2 class=\"wp-block-heading\">What are personal data?<\/h2>\n\n\n\n<p>Personal data are any information relating to an identified or identifiable individual. This includes, for example, your name, surname, or email address.<\/p>\n\n\n\n<p>The data controller for personal data collected on www.zdstudenti.si is: Student Health Center of the University of Ljubljana, A\u0161ker\u010deva cesta 4, 1000 Ljubljana<\/p>\n\n\n\n<h2 class=\"wp-block-heading\">Storage and duration of personal data<\/h2>\n\n\n\n<p>Digitally submitted personal data are stored on servers provided by hosting providers, and may also be stored by service providers whose tools we use (e.g., email communication providers). We retain your data until you withdraw your consent or until the data are no longer needed to fulfill the purpose for which they were collected, or to comply with legal obligations.<\/p>\n\n\n\n<h2 class=\"wp-block-heading\">Collection, processing, and use of personal data<\/h2>\n\n\n\n<p>We collect and process personal data only for legally permitted purposes or based on your explicit consent. Data collected with consent are primarily used for communication with you and service improvement. Personal data will not be sold or shared with third parties without your prior written consent.<\/p>\n\n\n\n<h2 class=\"wp-block-heading\">Withdrawal of consent<\/h2>\n\n\n\n<p>You may withdraw your consent for processing personal data at any time, either for a specific purpose or for all purposes.<\/p>\n\n\n\n<p>To withdraw consent, send a written request to: Zdravstveni dom za \u0161tudente Univerze v Ljubljani,&nbsp;A\u0161ker\u010deva cesta 4, 1000 Ljubljana or an email to:&nbsp;<a href=\"mailto:tajnistvo@zdstudenti.si\">tajnistvo@zdstudenti.si<\/a>.<\/p>\n\n\n\n<p>After withdrawal, relevant personal data will be deleted or excluded from automatic processing. Withdrawal does not affect the lawfulness of data processing prior to the withdrawal.<\/p>\n\n\n\n<h2 class=\"wp-block-heading\">Your rights regarding personal data<\/h2>\n\n\n\n<h3 class=\"wp-block-heading\">Right to correction or erasure<\/h3>\n\n\n\n<p>Request correction, completion, or deletion of your personal data at any time.<\/p>\n\n\n\n<h3 class=\"wp-block-heading\">Right to restrict processing<\/h3>\n\n\n\n<p>Request limitation of processing if data are inaccurate, processed unlawfully, or the purpose no longer applies.<\/p>\n\n\n\n<h3 class=\"wp-block-heading\">Right to data portability<\/h3>\n\n\n\n<p>Request that your personal data be transferred to you or another data controller.<\/p>\n\n\n\n<h3 class=\"wp-block-heading\">Right to object<\/h3>\n\n\n\n<p>Withdraw consent for receiving informational or promotional content at any time.<\/p>\n\n\n\n<h3 class=\"wp-block-heading\">Right of access<\/h3>\n\n\n\n<p>Obtain confirmation whether your data are being processed, along with information on the purpose, type of data, recipients, storage period, and source.<\/p>\n\n\n\n<h2 class=\"wp-block-heading\">Data breach notification<\/h2>\n\n\n\n<p>In the event of a personal data breach, we will notify the competent supervisory authority without undue delay, and no later than 72 hours after becoming aware of the breach.<\/p>\n\n\n\n<h2 class=\"wp-block-heading\">Data processing principles<\/h2>\n\n\n\n<p>All collected personal data are processed strictly for the purposes listed above, in compliance with Slovenian Personal Data Protection Act (EU) 2016\/679 and GDPR.<\/p>\n\n\n\n<p><strong>Data controller: <\/strong>Student Health Center of the University of Ljubljana, A\u0161ker\u010deva cesta 4, 1000 Ljubljana.<\/p>\n\n\n\n<h3 class=\"wp-block-heading\">Data Protection Officer (DPO)<\/h3>\n\n\n\n<p>In accordance with Article 37 of Regulation (EU) 2016\/679 of the European Parliament, we have appointed the company as the Data Protection Officer:<\/p>\n\n\n\n<p><strong>INFOSECURITY, ocenjevanje na podro\u010dju varovanja, Miha Ozimek, s.p.<br>Ulica Pohorskega bataljona 189, 1000 Ljubljana<br><\/strong>Email:&nbsp;<a href=\"mailto:miha@infosecurity.si\">miha@infosecurity.si<\/a><\/p>\n","protected":false},"excerpt":{"rendered":"<p>At the Student Health Center of the University of Ljubljana, we are committed to protecting your personal data, ensuring that it is used responsibly to provide appropriate services and information to our visitors. This policy explains how your data is collected, stored, processed, and your rights regarding your personal data, in accordance with EU GDPR [&hellip;]<\/p>\n","protected":false},"author":1,"featured_media":0,"parent":0,"menu_order":82,"comment_status":"closed","ping_status":"closed","template":"template-page\/pg-narrow.php","meta":{"_acf_changed":false,"footnotes":""},"class_list":["post-6712","page","type-page","status-publish","hentry"],"acf":[],"_links":{"self":[{"href":"https:\/\/zdstudenti.si\/en\/wp-json\/wp\/v2\/pages\/6712","targetHints":{"allow":["GET"]}}],"collection":[{"href":"https:\/\/zdstudenti.si\/en\/wp-json\/wp\/v2\/pages"}],"about":[{"href":"https:\/\/zdstudenti.si\/en\/wp-json\/wp\/v2\/types\/page"}],"author":[{"embeddable":true,"href":"https:\/\/zdstudenti.si\/en\/wp-json\/wp\/v2\/users\/1"}],"replies":[{"embeddable":true,"href":"https:\/\/zdstudenti.si\/en\/wp-json\/wp\/v2\/comments?post=6712"}],"version-history":[{"count":6,"href":"https:\/\/zdstudenti.si\/en\/wp-json\/wp\/v2\/pages\/6712\/revisions"}],"predecessor-version":[{"id":7149,"href":"https:\/\/zdstudenti.si\/en\/wp-json\/wp\/v2\/pages\/6712\/revisions\/7149"}],"wp:attachment":[{"href":"https:\/\/zdstudenti.si\/en\/wp-json\/wp\/v2\/media?parent=6712"}],"curies":[{"name":"wp","href":"https:\/\/api.w.org\/{rel}","templated":true}]}}